{"id":561,"date":"2023-11-08T06:24:38","date_gmt":"2023-11-08T06:24:38","guid":{"rendered":"https:\/\/edvschulungszentrum.ch\/?page_id=561"},"modified":"2023-11-08T15:25:14","modified_gmt":"2023-11-08T15:25:14","slug":"wasser-sparen","status":"publish","type":"page","link":"https:\/\/edvschulungszentrum.ch\/?page_id=561","title":{"rendered":"Wasser sparen"},"content":{"rendered":"<p>[et_pb_section fb_built=&#8220;1&#8243; admin_label=&#8220;Header&#8220; _builder_version=&#8220;4.19.5&#8243; _module_preset=&#8220;default&#8220; background_color=&#8220;gcid-1bcf785a-50e1-437b-b09f-65567babc1de&#8220; background_image=&#8220;https:\/\/edvschulungszentrum.ch\/wp-content\/uploads\/2023\/11\/grid-bg-2.png&#8220; background_size=&#8220;initial&#8220; background_position=&#8220;bottom_center&#8220; background_repeat=&#8220;repeat&#8220; collapsed=&#8220;on&#8220; global_colors_info=&#8220;{%22gcid-1bcf785a-50e1-437b-b09f-65567babc1de%22:%91%22background_color%22%93}&#8220;][et_pb_row _builder_version=&#8220;4.23&#8243; _module_preset=&#8220;default&#8220; global_colors_info=&#8220;{}&#8220;][et_pb_column type=&#8220;4_4&#8243; _builder_version=&#8220;4.19.2&#8243; _module_preset=&#8220;default&#8220; global_colors_info=&#8220;{}&#8220;][et_pb_text _builder_version=&#8220;4.19.2&#8243; _module_preset=&#8220;4ad05c05-99ed-4b54-95a5-50b3ca8ba0f4&#8243; custom_margin=&#8220;||10px||false|false&#8220; global_colors_info=&#8220;{}&#8220;]<\/p>\n<h1>Wasser sparen<\/h1>\n<p>[\/et_pb_text][\/et_pb_column][\/et_pb_row][\/et_pb_section][et_pb_section fb_built=&#8220;1&#8243; admin_label=&#8220;Features&#8220; _builder_version=&#8220;4.19.5&#8243; _module_preset=&#8220;default&#8220; background_color=&#8220;gcid-1bcf785a-50e1-437b-b09f-65567babc1de&#8220; locked=&#8220;off&#8220; collapsed=&#8220;on&#8220; global_colors_info=&#8220;{%22gcid-1bcf785a-50e1-437b-b09f-65567babc1de%22:%91%22background_color%22%93}&#8220;][et_pb_row _builder_version=&#8220;4.23.1&#8243; _module_preset=&#8220;default&#8220; min_height=&#8220;1029.3px&#8220; custom_margin=&#8220;|auto|14px|auto||&#8220; locked=&#8220;off&#8220; global_colors_info=&#8220;{}&#8220;][et_pb_column type=&#8220;4_4&#8243; _builder_version=&#8220;4.19.2&#8243; _module_preset=&#8220;default&#8220; custom_padding_tablet=&#8220;||30px||false|false&#8220; custom_padding_phone=&#8220;||30px||false|false&#8220; custom_padding_last_edited=&#8220;on|tablet&#8220; global_colors_info=&#8220;{}&#8220;][et_pb_image src=&#8220;https:\/\/edvschulungszentrum.ch\/wp-content\/uploads\/2023\/11\/0-1bbf68e3-eb1f-45cd-93d3-7df03db34cc4-512&#215;512.jpg&#8220; title_text=&#8220;3-15002af0-379b-4d4b-bb28-b3c34d34e75d-512&#215;512&#8243; _builder_version=&#8220;4.23.1&#8243; _module_preset=&#8220;default&#8220; max_width=&#8220;21%&#8220; global_colors_info=&#8220;{}&#8220;][\/et_pb_image][et_pb_text _builder_version=&#8220;4.23.1&#8243; _module_preset=&#8220;5f5a0e41-231c-46ee-b3ed-e91b0e3bfff8&#8243; text_font=&#8220;||||||||&#8220; text_text_color=&#8220;#FFFFFF&#8220; text_font_size=&#8220;15px&#8220; background_layout=&#8220;dark&#8220; min_height=&#8220;940.8px&#8220; custom_margin=&#8220;-21px|||||&#8220; custom_padding=&#8220;44px||0px|||&#8220; global_colors_info=&#8220;{}&#8220;]<\/p>\n<h3><span style=\"color: #edf000;\"><strong>Wasser sparen im Alltag: Tipps undTricks<\/strong><\/span><\/h3>\n<p>Wasser ist eine kostbare Ressource, die in unserem Alltag unverzichtbar ist. Um die Umwelt zu schonen und den Wasserverbrauch zu reduzieren, gibt es zahlreiche einfache Massnahmen, die jeder von uns umsetzen kann. Hier sind einige praktische Tipps zum Wasser sparen:<\/p>\n<ol>\n<li><span style=\"color: #edf000;\"><strong> Wassersparende Duschk\u00f6pfe verwenden:<\/strong><\/span><br \/>Installiere wassersparende Duschk\u00f6pfe, um den Wasserverbrauch beim Duschen zu reduzieren. Dadurch kannst du nicht nur Wasser sparen, sondern auch Energie, die f\u00fcr die Erw\u00e4rmung des Wassers ben\u00f6tigt wird.<\/li>\n<li><span style=\"color: #edf000;\"><strong> Bewusster Z\u00e4hneputzen:<br \/><\/strong><\/span>Beim Z\u00e4hneputzen das Wasser nicht laufen lassen. Stelle einen Becher neben das Waschbecken, um das ben\u00f6tigte Wasser zu sammeln.<\/li>\n<li><span style=\"color: #edf000;\"><strong> Voll beladene Sp\u00fclmaschine und Waschmaschine nutzen:<br \/><\/strong><\/span>Warte, bis die Sp\u00fclmaschine und die Waschmaschine voll beladen sind, bevor du sie einschaltest. Das spart nicht nur Wasser, sondern auch Energie.<\/li>\n<li><span style=\"color: #edf000;\"><strong> Leckagen beheben:<br \/><\/strong><\/span>Repariere undichte Wasserh\u00e4hne und Rohre so schnell wie m\u00f6glich. Selbst kleine Leckagen k\u00f6nnen \u00fcber die Zeit viel Wasser verschwenden.<\/li>\n<li><span style=\"color: #edf000;\"><strong> Regenwasser nutzen:<br \/><\/strong><\/span>Sammle Regenwasser in Regentonnen und nutze es zur Bew\u00e4sserung von Pflanzen im Garten. Das ist eine umweltfreundliche M\u00f6glichkeit, Pflanzen zu giessen.<\/li>\n<li><span style=\"color: #edf000;\"><strong> Wasser sparen in der K\u00fcche:<br \/><\/strong><\/span>Verwende beim Kochen und Abwaschen so viel Wasser wie n\u00f6tig. Achte darauf, den Wasserhahn nicht unn\u00f6tig laufen zu lassen.<\/li>\n<li><span style=\"color: #edf000;\"><strong> Toiletten mit Sparfunktion:<br \/><\/strong><\/span>Falls m\u00f6glich, ersetze herk\u00f6mmliche Toilettensp\u00fclungen durch Modelle mit Sparsp\u00fclung. Das reduziert den Wasserverbrauch bei jedem Toilettengang.<\/li>\n<li><span style=\"color: #edf000;\"><strong> Dusche statt Badewanne:<br \/><\/strong><\/span>Das Duschen verbraucht in der Regel weniger Wasser als das Baden in der Wanne. Entscheide dich \u00f6fter f\u00fcr eine Dusche, um Wasser zu sparen.<\/li>\n<li><span style=\"color: #edf000;\"><strong> Bewusster Gartenbew\u00e4sserung:<br \/><\/strong><\/span>Bew\u00e4ssere deinen Garten fr\u00fch am Morgen oder sp\u00e4t am Abend, um Verdunstung zu minimieren. Verwende Tropfbew\u00e4sserungssysteme, um Wasser gezielt an die Pflanzen zu bringen.<\/li>\n<li><span style=\"color: #edf000;\"><strong> Bewusstsein schaffen:<br \/><\/strong><\/span>Informiere deine Familie und Mitbewohner \u00fcber die Bedeutung des Wassersparens und ermutige sie, sich ebenfalls daran zu beteiligen.<\/li>\n<\/ol>\n<p>Das Wasser sparen im Alltag erfordert oft nur kleine \u00c4nderungen in unseren Gewohnheiten, die jedoch einen gro\u00dfen positiven Effekt auf die Umwelt und unsere Wasserressourcen haben k\u00f6nnen. Jeder Beitrag z\u00e4hlt, um Wasser f\u00fcr zuk\u00fcnftige Generationen zu bewahren.<\/p>\n<p><span style=\"color: #ffffff;\"><strong><\/strong><\/span><\/p>\n<p>&nbsp;<\/p>\n<p>[\/et_pb_text][et_pb_cta _builder_version=&#8220;4.23.1&#8243; _module_preset=&#8220;default&#8220; custom_padding=&#8220;||0px|||&#8220; global_colors_info=&#8220;{}&#8220;]<\/p>\n<h2><a href=\"https:\/\/edvschulungszentrum.ch\/wp-content\/uploads\/2023\/11\/Wasser-sparen-im-Alltag-Tipps-und-Tricks.pdf\" target=\"_blank\" rel=\"noopener\"><strong>Tipps und Tricks<\/strong><\/a><\/h2>\n<p>[\/et_pb_cta][\/et_pb_column][\/et_pb_row][\/et_pb_section]<\/p>\n","protected":false},"excerpt":{"rendered":"<p>[et_pb_section fb_built=&#8220;1&#8243; admin_label=&#8220;Header&#8220; _builder_version=&#8220;4.19.5&#8243; _module_preset=&#8220;default&#8220; background_color=&#8220;gcid-1bcf785a-50e1-437b-b09f-65567babc1de&#8220; background_image=&#8220;https:\/\/edvschulungszentrum.ch\/wp-content\/uploads\/2023\/11\/grid-bg-2.png&#8220; background_size=&#8220;initial&#8220; background_position=&#8220;bottom_center&#8220; background_repeat=&#8220;repeat&#8220; collapsed=&#8220;on&#8220; global_colors_info=&#8220;{%22gcid-1bcf785a-50e1-437b-b09f-65567babc1de%22:%91%22background_color%22%93}&#8220;][et_pb_row _builder_version=&#8220;4.23&#8243; _module_preset=&#8220;default&#8220; global_colors_info=&#8220;{}&#8220;][et_pb_column type=&#8220;4_4&#8243; _builder_version=&#8220;4.19.2&#8243; _module_preset=&#8220;default&#8220; global_colors_info=&#8220;{}&#8220;][et_pb_text _builder_version=&#8220;4.19.2&#8243; _module_preset=&#8220;4ad05c05-99ed-4b54-95a5-50b3ca8ba0f4&#8243; custom_margin=&#8220;||10px||false|false&#8220; global_colors_info=&#8220;{}&#8220;] Wasser sparen [\/et_pb_text][\/et_pb_column][\/et_pb_row][\/et_pb_section][et_pb_section fb_built=&#8220;1&#8243; admin_label=&#8220;Features&#8220; _builder_version=&#8220;4.19.5&#8243; _module_preset=&#8220;default&#8220; background_color=&#8220;gcid-1bcf785a-50e1-437b-b09f-65567babc1de&#8220; locked=&#8220;off&#8220; collapsed=&#8220;on&#8220; global_colors_info=&#8220;{%22gcid-1bcf785a-50e1-437b-b09f-65567babc1de%22:%91%22background_color%22%93}&#8220;][et_pb_row _builder_version=&#8220;4.23.1&#8243; _module_preset=&#8220;default&#8220; min_height=&#8220;1029.3px&#8220; custom_margin=&#8220;|auto|14px|auto||&#8220; locked=&#8220;off&#8220; global_colors_info=&#8220;{}&#8220;][et_pb_column type=&#8220;4_4&#8243; _builder_version=&#8220;4.19.2&#8243; _module_preset=&#8220;default&#8220; custom_padding_tablet=&#8220;||30px||false|false&#8220; custom_padding_phone=&#8220;||30px||false|false&#8220; custom_padding_last_edited=&#8220;on|tablet&#8220; global_colors_info=&#8220;{}&#8220;][et_pb_image src=&#8220;https:\/\/edvschulungszentrum.ch\/wp-content\/uploads\/2023\/11\/0-1bbf68e3-eb1f-45cd-93d3-7df03db34cc4-512&#215;512.jpg&#8220; title_text=&#8220;3-15002af0-379b-4d4b-bb28-b3c34d34e75d-512&#215;512&#8243; _builder_version=&#8220;4.23.1&#8243; _module_preset=&#8220;default&#8220; max_width=&#8220;21%&#8220; global_colors_info=&#8220;{}&#8220;][\/et_pb_image][et_pb_text _builder_version=&#8220;4.23.1&#8243; _module_preset=&#8220;5f5a0e41-231c-46ee-b3ed-e91b0e3bfff8&#8243; [&hellip;]<\/p>\n","protected":false},"author":1,"featured_media":0,"parent":0,"menu_order":0,"comment_status":"closed","ping_status":"closed","template":"","meta":{"footnotes":""},"class_list":["post-561","page","type-page","status-publish","hentry"],"_links":{"self":[{"href":"https:\/\/edvschulungszentrum.ch\/index.php?rest_route=\/wp\/v2\/pages\/561","targetHints":{"allow":["GET"]}}],"collection":[{"href":"https:\/\/edvschulungszentrum.ch\/index.php?rest_route=\/wp\/v2\/pages"}],"about":[{"href":"https:\/\/edvschulungszentrum.ch\/index.php?rest_route=\/wp\/v2\/types\/page"}],"author":[{"embeddable":true,"href":"https:\/\/edvschulungszentrum.ch\/index.php?rest_route=\/wp\/v2\/users\/1"}],"replies":[{"embeddable":true,"href":"https:\/\/edvschulungszentrum.ch\/index.php?rest_route=%2Fwp%2Fv2%2Fcomments&post=561"}],"version-history":[{"count":15,"href":"https:\/\/edvschulungszentrum.ch\/index.php?rest_route=\/wp\/v2\/pages\/561\/revisions"}],"predecessor-version":[{"id":589,"href":"https:\/\/edvschulungszentrum.ch\/index.php?rest_route=\/wp\/v2\/pages\/561\/revisions\/589"}],"wp:attachment":[{"href":"https:\/\/edvschulungszentrum.ch\/index.php?rest_route=%2Fwp%2Fv2%2Fmedia&parent=561"}],"curies":[{"name":"wp","href":"https:\/\/api.w.org\/{rel}","templated":true}]}}